{"id":727,"date":"2024-10-14T15:26:23","date_gmt":"2024-10-14T13:26:23","guid":{"rendered":"https:\/\/www.campingsaintmartin.com\/camping-emplacements-saint-ferreol\/"},"modified":"2026-03-05T17:01:50","modified_gmt":"2026-03-05T16:01:50","slug":"location-pitch-tarn","status":"publish","type":"page","link":"https:\/\/www.campingsaintmartin.com\/en\/location-pitch-tarn\/","title":{"rendered":"Locations"},"content":{"rendered":"<div class=\"diaporama-header align-full\"><div class=\"gallery\"><figure class=\"gallery__item\"><picture><source srcset=\"https:\/\/www.campingsaintmartin.com\/wp-content\/uploads\/2024\/10\/emplacement-nature-camping-saint-martin-tente-clients-avec-chien-1-420x420.webp\" media=\"(max-width: 210px)\"><source srcset=\"https:\/\/www.campingsaintmartin.com\/wp-content\/uploads\/2024\/10\/emplacement-nature-camping-saint-martin-tente-clients-avec-chien-1-850x638.webp\" media=\"(max-width: 420px)\"><source srcset=\"https:\/\/www.campingsaintmartin.com\/wp-content\/uploads\/2024\/10\/emplacement-nature-camping-saint-martin-tente-clients-avec-chien-1-768x576.webp\" media=\"(max-width: 850px)\"><source srcset=\"https:\/\/www.campingsaintmartin.com\/wp-content\/uploads\/2024\/10\/emplacement-nature-camping-saint-martin-tente-clients-avec-chien-1-1024x768.webp\" media=\"(max-width: 1024px)\"><source srcset=\"https:\/\/www.campingsaintmartin.com\/wp-content\/uploads\/2024\/10\/emplacement-nature-camping-saint-martin-tente-clients-avec-chien-1.webp\" media=\"(min-width: 1025px)\"><img loading=\"lazy\" decoding=\"async\" src=\"https:\/\/www.campingsaintmartin.com\/wp-content\/uploads\/2024\/10\/emplacement-nature-camping-saint-martin-tente-clients-avec-chien-1-420x420.webp\" width=\"420\" height=\"210\" alt=\"Emplacement de camping en pleine nature au Flower Camping Saint Martin, avec tente spacieuse, clients et chien. Id\u00e9al pour des vacances en famille ou entre amis dans un cadre verdoyant et paisible. Profitez de nos emplacements de camping en pleine nature au camping Saint Martin, parfaits pour des vacances en famille avec votre animal de compagnie.\" title=\"\"><\/picture><\/figure><\/div><div class=\"diaporama-header__inner\"><\/div><\/div><div class=\"group sec-10 align-full\" style=\"background-color:var(--vert);\"><h1 style=\"text-align: center;\">Our campsites in the Tarn<\/h1><div class=\"columns fade-up zoom\"><div class=\"columns__item\"><h3 style=\"font-size: px;\">Nature package<\/h3><div class=\"gallery\"><figure class=\"gallery__item\"><picture><source srcset=\"https:\/\/www.campingsaintmartin.com\/wp-content\/uploads\/2024\/10\/emplacement-camping-nature-proche-lac-saint-ferreol-420x420.webp\" media=\"(max-width: 210px)\"><source srcset=\"https:\/\/www.campingsaintmartin.com\/wp-content\/uploads\/2024\/10\/emplacement-camping-nature-proche-lac-saint-ferreol-850x476.webp\" media=\"(max-width: 420px)\"><source srcset=\"https:\/\/www.campingsaintmartin.com\/wp-content\/uploads\/2024\/10\/emplacement-camping-nature-proche-lac-saint-ferreol-768x430.webp\" media=\"(max-width: 850px)\"><source srcset=\"https:\/\/www.campingsaintmartin.com\/wp-content\/uploads\/2024\/10\/emplacement-camping-nature-proche-lac-saint-ferreol-1024x574.webp\" media=\"(max-width: 1024px)\"><source srcset=\"https:\/\/www.campingsaintmartin.com\/wp-content\/uploads\/2024\/10\/emplacement-camping-nature-proche-lac-saint-ferreol.webp\" media=\"(min-width: 1025px)\"><img decoding=\"async\" src=\"https:\/\/www.campingsaintmartin.com\/wp-content\/uploads\/2024\/10\/emplacement-camping-nature-proche-lac-saint-ferreol-420x420.webp\" width=\"420\" height=\"210\" alt=\"Emplacements de camping en pleine nature au Flower Camping Saint Martin, proches du lac Saint-Ferr\u00e9ol, avec tentes et motos sous les arbres. Id\u00e9al pour des vacances en plein air et des moments de d\u00e9tente au c\u0153ur de la nature. Profitez de nos emplacements de camping en pleine nature, proches du lac Saint-Ferr\u00e9ol, pour des vacances authentiques et reposantes au camping Saint Martin.\" loading=\"lazy\" title=\"\"><\/picture><\/figure><\/div><ul><li>From 1 to 6 people\n<\/li><li>Without electricity\n<\/li><li>Between 80 and 140 m\u00b2\n<\/li><li>Water point nearby\n<\/li><li>Access to emptying and filling area\n<\/li><li>Free wifi\n<\/li><\/ul><div class=\"buttons display-flex \" style=\"justify-content:left;\"><span class=\"buttons__btn btn-resa btn-resa-id_128816\" style=\"border-radius:0px;\">Book the nature package<\/span><\/div><div class=\"lireplus fc-desk\"><p    >Nature package rates<\/p><div class=\"group\"><ul><li>From \u20ac14 to \u20ac22\/ night depending on the season: rate for 1 adult + 1 tent or 1 caravan, van or motorhome\n<\/li><li>From \u20ac18 to \u20ac27\/ night depending on the season: rate for 2 adults + 1 tent or 1 caravan, van or motorhome\n<\/li><\/ul><\/div><\/div><\/div><div class=\"columns__item\"><h3 style=\"font-size: px;\">Comfort package<\/h3><div class=\"gallery\"><figure class=\"gallery__item\"><picture><source srcset=\"https:\/\/www.campingsaintmartin.com\/wp-content\/uploads\/2024\/10\/espace-emplacement-camping-soreze-tarn-420x420.webp\" media=\"(max-width: 210px)\"><source srcset=\"https:\/\/www.campingsaintmartin.com\/wp-content\/uploads\/2024\/10\/espace-emplacement-camping-soreze-tarn-850x638.webp\" media=\"(max-width: 420px)\"><source srcset=\"https:\/\/www.campingsaintmartin.com\/wp-content\/uploads\/2024\/10\/espace-emplacement-camping-soreze-tarn-768x576.webp\" media=\"(max-width: 850px)\"><source srcset=\"https:\/\/www.campingsaintmartin.com\/wp-content\/uploads\/2024\/10\/espace-emplacement-camping-soreze-tarn-1024x768.webp\" media=\"(max-width: 1024px)\"><source srcset=\"https:\/\/www.campingsaintmartin.com\/wp-content\/uploads\/2024\/10\/espace-emplacement-camping-soreze-tarn.webp\" media=\"(min-width: 1025px)\"><img decoding=\"async\" src=\"https:\/\/www.campingsaintmartin.com\/wp-content\/uploads\/2024\/10\/espace-emplacement-camping-soreze-tarn-420x420.webp\" width=\"420\" height=\"210\" alt=\"Zone emplacements camping ombrag\u00e9 au Flower Camping Saint Martin \u00e0 Sor\u00e8ze, dans le Tarn, entour\u00e9 d&#039;arbres et de verdure. Profitez de nos emplacements ombrag\u00e9s au camping  \u00e0 Sor\u00e8ze, dans le Tarn, pour des vacances en pleine nature et en toute s\u00e9r\u00e9nit\u00e9.\" loading=\"lazy\" title=\"\"><\/picture><\/figure><\/div><ul><li>From 1 to 6 people\n<\/li><li>With electricity\n<\/li><li>Between 80 and 140 m\u00b2\n<\/li><li>Water point nearby\n<\/li><li>Free wifi\n<\/li><\/ul><p    >Remember to bring an extension cord and a European CEE plug. Available at reception subject to availability.<\/p><div class=\"buttons display-flex \" style=\"justify-content:left;\"><span class=\"buttons__btn btn-resa btn-resa-id_4057\" style=\"border-radius:0px;\">Book the comfort package<\/span><\/div><div class=\"lireplus fc-desk\"><p    >Comfort package rates<\/p><div class=\"group\"><ul><li>From \u20ac17 to \u20ac26\/ night depending on the season: rate for 1 adult + 1 tent or 1 caravan, van, motorhome + electricity\n<\/li><li>From \u20ac21 to \u20ac31\/ night depending on the season: rate for 2 adults + 1 tent or 1 caravan, van, motorhome + electricity\n<\/li><\/ul><\/div><\/div><\/div><div class=\"columns__item\"><h3>Premium Package<\/h3><div class=\"gallery\"><figure class=\"gallery__item\"><picture><source srcset=\"https:\/\/www.campingsaintmartin.com\/wp-content\/uploads\/2024\/10\/emplacement-freecamp-camping-saint-martin-montagne-noire-420x420.webp\" media=\"(max-width: 210px)\"><source srcset=\"https:\/\/www.campingsaintmartin.com\/wp-content\/uploads\/2024\/10\/emplacement-freecamp-camping-saint-martin-montagne-noire-850x478.webp\" media=\"(max-width: 420px)\"><source srcset=\"https:\/\/www.campingsaintmartin.com\/wp-content\/uploads\/2024\/10\/emplacement-freecamp-camping-saint-martin-montagne-noire-768x432.webp\" media=\"(max-width: 850px)\"><source srcset=\"https:\/\/www.campingsaintmartin.com\/wp-content\/uploads\/2024\/10\/emplacement-freecamp-camping-saint-martin-montagne-noire-1024x576.webp\" media=\"(max-width: 1024px)\"><source srcset=\"https:\/\/www.campingsaintmartin.com\/wp-content\/uploads\/2024\/10\/emplacement-freecamp-camping-saint-martin-montagne-noire.webp\" media=\"(min-width: 1025px)\"><img decoding=\"async\" src=\"https:\/\/www.campingsaintmartin.com\/wp-content\/uploads\/2024\/10\/emplacement-freecamp-camping-saint-martin-montagne-noire-420x420.webp\" width=\"420\" height=\"210\" alt=\"Emplacement \" loading=\"lazy\" avec caravane en Montagne Noire au Flower Camping Saint cet emplacement dispose &#039;un sanitaire individuel dans une cabane Profitez  pourvu coin cuisine et espace privatif pour  haut de title=\"\"><\/picture><\/figure><\/div><ul><li>From 1 to 6 people\n<\/li><li>With electricity\n<\/li><li>Between 80 and 140 m\u00b2\n<\/li><li>Water point on the pitch\n<\/li><li>Private bathroom\n<\/li><\/ul><div class=\"buttons display-flex \" style=\"justify-content:left;\"><span class=\"buttons__btn btn-resa btn-resa-id_140220\">Book the premium package<\/span><\/div><div class=\"lireplus fc-desk\"><p    >Premium package rates<\/p><div class=\"group\"><ul><li>From \u20ac32 to \u20ac70 \/ night depending on the season: rate for 2 adults + 1 tent or 1 caravan, van or motorhome\n<\/li><li>Minimum duration depending on period\n<\/li><\/ul><\/div><\/div><\/div><div class=\"columns__item\"><h3>Walking\/cycling stage package<\/h3><div class=\"gallery\"><figure class=\"gallery__item\"><picture><source srcset=\"https:\/\/www.campingsaintmartin.com\/wp-content\/uploads\/2024\/10\/emplacement-nature-spacieux-ombrage-proche-lac-saint-ferreol-420x420.webp\" media=\"(max-width: 210px)\"><source srcset=\"https:\/\/www.campingsaintmartin.com\/wp-content\/uploads\/2024\/10\/emplacement-nature-spacieux-ombrage-proche-lac-saint-ferreol-850x638.webp\" media=\"(max-width: 420px)\"><source srcset=\"https:\/\/www.campingsaintmartin.com\/wp-content\/uploads\/2024\/10\/emplacement-nature-spacieux-ombrage-proche-lac-saint-ferreol-768x576.webp\" media=\"(max-width: 850px)\"><source srcset=\"https:\/\/www.campingsaintmartin.com\/wp-content\/uploads\/2024\/10\/emplacement-nature-spacieux-ombrage-proche-lac-saint-ferreol-1024x768.webp\" media=\"(max-width: 1024px)\"><source srcset=\"https:\/\/www.campingsaintmartin.com\/wp-content\/uploads\/2024\/10\/emplacement-nature-spacieux-ombrage-proche-lac-saint-ferreol.webp\" media=\"(min-width: 1025px)\"><img decoding=\"async\" src=\"https:\/\/www.campingsaintmartin.com\/wp-content\/uploads\/2024\/10\/emplacement-nature-spacieux-ombrage-proche-lac-saint-ferreol-420x420.webp\" width=\"420\" height=\"210\" alt=\"Emplacement nature spacieux et ombrag\u00e9 au Flower Camping Saint Martin, proche du lac Saint-Ferr\u00e9ol. Profitez de nos emplacements nature spacieux et ombrag\u00e9s au camping Saint-Martin, proche du lac Saint-Ferr\u00e9ol, pour des vacances en pleine nature.\" loading=\"lazy\" title=\"\"><\/picture><\/figure><\/div><ul><li>From 1 to 4 people\n<\/li><li>Without electricity\n<\/li><li>Between 80 and 140 m\u00b2\n<\/li><li>Water point nearby\n<\/li><li>Space that can be shared\n<\/li><\/ul><p    >The walker\/cyclist package includes a pitch that <strong>can be shared<\/strong>.<\/p><p    ><strong>Limited to 1 night maximum<\/strong>.<\/p><div class=\"buttons display-flex \" style=\"justify-content:left;\"><span class=\"buttons__btn btn-resa btn-resa-id_128817\" style=\"border-radius:0px;\">Book the package<\/span><\/div><div class=\"lireplus fc-desk\"><p    >Stage package rates<\/p><div class=\"group\"><ul><li>from \u20ac13 to \u20ac16 \/ night depending on season: rate for 1 adult + 1 tent + 1 bicycle\n<\/li><li>from \u20ac17 to \u20ac21 \/ night depending on period: rate for 2 adults + 1 tent + 1 bicycle\n<\/li><\/ul><\/div><\/div><\/div><\/div><p  style=\"text-align: center;\"  >Check-in from 3 p.m. and check-out before 12 noon.<\/p><p  style=\"text-align: center;\"  >Our family campsite in Sor\u00e8ze, in the heart of nature, offers 30 pitches, ranging in size from 80 to 140 m\u00b2.<\/p><p  style=\"text-align: center;\"  >Each pitch is flat and shaded, and hedged for privacy. Electricity points and drinking water points are available throughout the campsite.<\/p><\/div><div class=\"columns sec-05\"><div class=\"columns__item fade-left\"><div class=\"group\"><p    >Camping Saint Martin near Revel, your ideal destination for an outdoor holiday combining comfort, nature and conviviality, offers a wide range of camping pitches suitable for tents, caravans and motorhomes, in a preserved natural setting, close to the centre of Sor\u00e8ze and <em><mark style=\"background-color:rgba(0, 0, 0, 0)\" class=\"has-inline-color has-gris-color\"><a href=\"https:\/\/www.campingsaintmartin.com\/en\/activities-tarn\/\">hiking trails<\/a><\/mark><\/em>.<\/p><h3><strong>Spacious and comfortable pitches<\/strong><\/h3><p    >Our <strong>30<\/strong> <strong>camping pitches<\/strong> are specially designed to ensure your comfort and tranquillity. Depending on your preferences, choose between a <strong>shaded, sunny or semi-shaded pitch<\/strong>, all of which are marked out for greater privacy. With generous space, our pitches are perfect for a stay with your partner, family or friends.  <\/p><h3><strong>Des \u00e9quipements pour un s\u00e9jour tout confort<\/strong><\/h3><p    >For a truly relaxing stay, our pitches are equipped with:<br\/> \u2714 Electrical hook-up (depending on the option chosen)<br\/> \u2714 Water points nearby<br\/> \u2714 Motorhome service point<br\/> \u2714 Close and well-maintained sanitary facilities<\/p><p    >Our facilities are designed to ensure a pleasant and convenient stay for all campers, whether they are travelling in <strong>tents, vans, caravans or motorhomes<\/strong>. In addition, each customer will be able to enjoy the<em><mark style=\"background-color:rgba(0, 0, 0, 0)\" class=\"has-inline-color has-gris-color\"><a href=\"https:\/\/www.campingsaintmartin.com\/en\/camping-swimming-pool-saint-ferreol\/\"> campsite&#8217;s swimming pool in the Tarn region<\/a><\/mark><\/em> and thus refresh themselves as they see fit.<\/p><p    >Enjoy a camping pitch near Lake Saint Ferreol, with direct access to nature and <em><mark style=\"background-color:rgba(0, 0, 0, 0)\" class=\"has-inline-color has-gris-color\"><a href=\"https:\/\/www.campingsaintmartin.com\/en\/activities-tarn\/\">outdoor activities<\/a><\/mark><\/em>: hiking, cycling, water sports\u2026 Camping Saint Martin in the Tarn is also close to shops, restaurants and the region&#8217;s <em><mark style=\"background-color:rgba(0, 0, 0, 0)\" class=\"has-inline-color has-gris-color\"><a href=\"https:\/\/www.campingsaintmartin.com\/en\/visits-tarn\/\">must-see tourist sites<\/a><\/mark><\/em>.<\/p><p  style=\"text-align: left;\"  >For an unforgettable stay in the Tarn region, discover our unique accommodations or charming chalets. Ideally located near Lake Saint-Ferr\u00e9ol and the Montagne Noire, <mark style=\"background-color:rgba(0, 0, 0, 0)\" class=\"has-inline-color has-gris-color\"><em><a href=\"https:\/\/www.campingsaintmartin.com\/en\/camping-insolite-mobil-homes-roulottes-saint-ferreol\/\">our accommodations<\/a><\/em><\/mark> are designed to meet all your expectations and offer you a unique experience surrounded by nature. <\/p><p    ><strong>Don&#8217;t wait any longer! Book your pitch at Camping Saint Martin in Sor\u00e8ze near Castres today and experience an unforgettable holiday surrounded by nature! <\/strong><\/p><div class=\"buttons display-flex \" style=\"justify-content:center;align-items:flex-end;\"><span class=\"buttons__btn btn-resa btn-resa-empl\" style=\"text-align:center;\">Book a pitch<\/span><\/div><\/div><\/div><div class=\"columns__item fade-right\"><figure><picture><source srcset=\"https:\/\/www.campingsaintmartin.com\/wp-content\/uploads\/2024\/10\/emplacement-nature-spacieux-ombrage-proche-lac-saint-ferreol-420x420.webp\" media=\"(max-width: 210px)\"><source srcset=\"https:\/\/www.campingsaintmartin.com\/wp-content\/uploads\/2024\/10\/emplacement-nature-spacieux-ombrage-proche-lac-saint-ferreol-850x638.webp\" media=\"(max-width: 420px)\"><source srcset=\"https:\/\/www.campingsaintmartin.com\/wp-content\/uploads\/2024\/10\/emplacement-nature-spacieux-ombrage-proche-lac-saint-ferreol-768x576.webp\" media=\"(max-width: 850px)\"><source srcset=\"https:\/\/www.campingsaintmartin.com\/wp-content\/uploads\/2024\/10\/emplacement-nature-spacieux-ombrage-proche-lac-saint-ferreol-1024x768.webp\" media=\"(max-width: 1024px)\"><source srcset=\"https:\/\/www.campingsaintmartin.com\/wp-content\/uploads\/2024\/10\/emplacement-nature-spacieux-ombrage-proche-lac-saint-ferreol.webp\" media=\"(min-width: 1025px)\"><img decoding=\"async\" src=\"https:\/\/www.campingsaintmartin.com\/wp-content\/uploads\/2024\/10\/emplacement-nature-spacieux-ombrage-proche-lac-saint-ferreol-420x420.webp\" width=\"420\" height=\"210\" alt=\"Emplacement nature spacieux et ombrag\u00e9 au Flower Camping Saint Martin, proche du lac Saint-Ferr\u00e9ol. Profitez de nos emplacements nature spacieux et ombrag\u00e9s au camping Saint-Martin, proche du lac Saint-Ferr\u00e9ol, pour des vacances en pleine nature.\" loading=\"lazy\" title=\"\"><\/picture><\/figure><figure><picture><source srcset=\"https:\/\/www.campingsaintmartin.com\/wp-content\/uploads\/2024\/10\/emplacement-camping-nature-proche-lac-saint-ferreol-420x420.webp\" media=\"(max-width: 210px)\"><source srcset=\"https:\/\/www.campingsaintmartin.com\/wp-content\/uploads\/2024\/10\/emplacement-camping-nature-proche-lac-saint-ferreol-850x476.webp\" media=\"(max-width: 420px)\"><source srcset=\"https:\/\/www.campingsaintmartin.com\/wp-content\/uploads\/2024\/10\/emplacement-camping-nature-proche-lac-saint-ferreol-768x430.webp\" media=\"(max-width: 850px)\"><source srcset=\"https:\/\/www.campingsaintmartin.com\/wp-content\/uploads\/2024\/10\/emplacement-camping-nature-proche-lac-saint-ferreol-1024x574.webp\" media=\"(max-width: 1024px)\"><source srcset=\"https:\/\/www.campingsaintmartin.com\/wp-content\/uploads\/2024\/10\/emplacement-camping-nature-proche-lac-saint-ferreol.webp\" media=\"(min-width: 1025px)\"><img decoding=\"async\" src=\"https:\/\/www.campingsaintmartin.com\/wp-content\/uploads\/2024\/10\/emplacement-camping-nature-proche-lac-saint-ferreol-420x420.webp\" width=\"420\" height=\"210\" alt=\"Emplacements de camping en pleine nature au Flower Camping Saint Martin, proches du lac Saint-Ferr\u00e9ol, avec tentes et motos sous les arbres. Id\u00e9al pour des vacances en plein air et des moments de d\u00e9tente au c\u0153ur de la nature. Profitez de nos emplacements de camping en pleine nature, proches du lac Saint-Ferr\u00e9ol, pour des vacances authentiques et reposantes au camping Saint Martin.\" loading=\"lazy\" title=\"\"><\/picture><\/figure><figure><picture><source srcset=\"https:\/\/www.campingsaintmartin.com\/wp-content\/uploads\/2024\/10\/emplacement-tente-camping-car-caravane-cadre-verdoyant-420x420.webp\" media=\"(max-width: 210px)\"><source srcset=\"https:\/\/www.campingsaintmartin.com\/wp-content\/uploads\/2024\/10\/emplacement-tente-camping-car-caravane-cadre-verdoyant-850x534.webp\" media=\"(max-width: 420px)\"><source srcset=\"https:\/\/www.campingsaintmartin.com\/wp-content\/uploads\/2024\/10\/emplacement-tente-camping-car-caravane-cadre-verdoyant-768x482.webp\" media=\"(max-width: 850px)\"><source srcset=\"https:\/\/www.campingsaintmartin.com\/wp-content\/uploads\/2024\/10\/emplacement-tente-camping-car-caravane-cadre-verdoyant-1024x643.webp\" media=\"(max-width: 1024px)\"><source srcset=\"https:\/\/www.campingsaintmartin.com\/wp-content\/uploads\/2024\/10\/emplacement-tente-camping-car-caravane-cadre-verdoyant.webp\" media=\"(min-width: 1025px)\"><img decoding=\"async\" src=\"https:\/\/www.campingsaintmartin.com\/wp-content\/uploads\/2024\/10\/emplacement-tente-camping-car-caravane-cadre-verdoyant-420x420.webp\" width=\"420\" height=\"210\" alt=\"Emplacement ombrag\u00e9 pour tente, camping-car ou caravane au Flower Camping Saint Martin, entour\u00e9 d&#039;arbres et de verdure pour des vacances en pleine nature. Profitez de nos emplacements ombrag\u00e9s pour tente, camping-car ou caravane au camping Saint-Martin, en plein c\u0153ur d\u2019un cadre verdoyant et paisible.\" loading=\"lazy\" title=\"\"><\/picture><\/figure><\/div><\/div>","protected":false},"excerpt":{"rendered":"<p>Our campsites in the Tarn Nature package Comfort package Remember to bring an extension cord and a European CEE plug. Available at reception subject to availability. Premium Package Walking\/cycling stage package The walker\/cyclist package includes a pitch that can be shared. Limited to 1 night maximum. Check-in from 3 p.m. and check-out before 12 noon. [&hellip;]<\/p>\n","protected":false},"author":1,"featured_media":0,"parent":0,"menu_order":0,"comment_status":"closed","ping_status":"closed","template":"","meta":{"_acf_changed":false,"footnotes":""},"acf":[],"_links":{"self":[{"href":"https:\/\/www.campingsaintmartin.com\/en\/wp-json\/wp\/v2\/pages\/727"}],"collection":[{"href":"https:\/\/www.campingsaintmartin.com\/en\/wp-json\/wp\/v2\/pages"}],"about":[{"href":"https:\/\/www.campingsaintmartin.com\/en\/wp-json\/wp\/v2\/types\/page"}],"author":[{"embeddable":true,"href":"https:\/\/www.campingsaintmartin.com\/en\/wp-json\/wp\/v2\/users\/1"}],"replies":[{"embeddable":true,"href":"https:\/\/www.campingsaintmartin.com\/en\/wp-json\/wp\/v2\/comments?post=727"}],"version-history":[{"count":9,"href":"https:\/\/www.campingsaintmartin.com\/en\/wp-json\/wp\/v2\/pages\/727\/revisions"}],"predecessor-version":[{"id":2036,"href":"https:\/\/www.campingsaintmartin.com\/en\/wp-json\/wp\/v2\/pages\/727\/revisions\/2036"}],"wp:attachment":[{"href":"https:\/\/www.campingsaintmartin.com\/en\/wp-json\/wp\/v2\/media?parent=727"}],"curies":[{"name":"wp","href":"https:\/\/api.w.org\/{rel}","templated":true}]}}