{"id":731,"date":"2024-10-14T15:26:23","date_gmt":"2024-10-14T13:26:23","guid":{"rendered":"https:\/\/www.campingsaintmartin.com\/camping-accueil-velos-snack-bar-laverie-bornes-voitures-electriques-saint-ferreol\/"},"modified":"2026-03-05T17:31:59","modified_gmt":"2026-03-05T16:31:59","slug":"camping-familial-soreze-tarn","status":"publish","type":"page","link":"https:\/\/www.campingsaintmartin.com\/en\/camping-familial-soreze-tarn\/","title":{"rendered":"Services"},"content":{"rendered":"<div class=\"diaporama-header align-full\"><div class=\"gallery\"><figure class=\"gallery__item\"><picture><source srcset=\"https:\/\/www.campingsaintmartin.com\/wp-content\/uploads\/2024\/10\/snack-bar-convivial-flower-camping-saint-martin-ambiance-chaleureuse-420x420.webp\" media=\"(max-width: 210px)\"><source srcset=\"https:\/\/www.campingsaintmartin.com\/wp-content\/uploads\/2024\/10\/snack-bar-convivial-flower-camping-saint-martin-ambiance-chaleureuse-850x638.webp\" media=\"(max-width: 420px)\"><source srcset=\"https:\/\/www.campingsaintmartin.com\/wp-content\/uploads\/2024\/10\/snack-bar-convivial-flower-camping-saint-martin-ambiance-chaleureuse-768x576.webp\" media=\"(max-width: 850px)\"><source srcset=\"https:\/\/www.campingsaintmartin.com\/wp-content\/uploads\/2024\/10\/snack-bar-convivial-flower-camping-saint-martin-ambiance-chaleureuse-1024x768.webp\" media=\"(max-width: 1024px)\"><source srcset=\"https:\/\/www.campingsaintmartin.com\/wp-content\/uploads\/2024\/10\/snack-bar-convivial-flower-camping-saint-martin-ambiance-chaleureuse-scaled.webp\" media=\"(min-width: 1025px)\"><img loading=\"lazy\" decoding=\"async\" src=\"https:\/\/www.campingsaintmartin.com\/wp-content\/uploads\/2024\/10\/snack-bar-convivial-flower-camping-saint-martin-ambiance-chaleureuse-420x420.webp\" width=\"420\" height=\"210\" alt=\"Snack\/bar convivial au Flower Camping Saint Martin avec un employ\u00e9 souriant servant un client au comptoir en bois. Ambiance chaleureuse et produits locaux pour des moments de d\u00e9tente en camping. D\u00e9tendez-vous au snack\/bar de notre Flower Camping Saint Martin, o\u00f9 l&#039;accueil chaleureux et les produits locaux vous garantissent des moments inoubliables.\" title=\"\"><\/picture><\/figure><\/div><div class=\"diaporama-header__inner\"><\/div><\/div><div class=\"columns sec-05 align-full\" style=\"align-items:center;\"><div class=\"columns__item fade-left\" style=\"align-self:center;\"><h1 style=\"text-align: center;color: var(--vert);\">Camping services in the Tarn<\/h1><p  style=\"text-align: center;\"  >At Flower camping Saint Martin in Sor\u00e8ze, we offer 3-star services that will contribute to the smooth running of your stay. <\/p><p  style=\"text-align: center;\"  >Sandrine and S\u00e9bastien and the entire campsite team will be happy to listen to you and offer you a stay that matches your desires and needs.<\/p><\/div><\/div><div class=\"columns sec-20 fade-up reverse-mob has-vert-background-color has-background align-full\" style=\"background-color:var(--vert);\"><div class=\"columns__item\"><div class=\"gallery height-adapt\"><figure class=\"gallery__item height-adapt\"><picture><source srcset=\"https:\/\/www.campingsaintmartin.com\/wp-content\/uploads\/2024\/10\/bureau-accueil-flower-camping-saint-martin-proche-castres-tarn-420x420.webp\" media=\"(max-width: 210px)\"><source srcset=\"https:\/\/www.campingsaintmartin.com\/wp-content\/uploads\/2024\/10\/bureau-accueil-flower-camping-saint-martin-proche-castres-tarn-850x638.webp\" media=\"(max-width: 420px)\"><source srcset=\"https:\/\/www.campingsaintmartin.com\/wp-content\/uploads\/2024\/10\/bureau-accueil-flower-camping-saint-martin-proche-castres-tarn-768x576.webp\" media=\"(max-width: 850px)\"><source srcset=\"https:\/\/www.campingsaintmartin.com\/wp-content\/uploads\/2024\/10\/bureau-accueil-flower-camping-saint-martin-proche-castres-tarn-1024x768.webp\" media=\"(max-width: 1024px)\"><source srcset=\"https:\/\/www.campingsaintmartin.com\/wp-content\/uploads\/2024\/10\/bureau-accueil-flower-camping-saint-martin-proche-castres-tarn.webp\" media=\"(min-width: 1025px)\"><img decoding=\"async\" src=\"https:\/\/www.campingsaintmartin.com\/wp-content\/uploads\/2024\/10\/bureau-accueil-flower-camping-saint-martin-proche-castres-tarn-420x420.webp\" width=\"420\" height=\"210\" alt=\"Bureau d&#039;accueil du Flower Camping Saint Martin, proche de Castres dans le Tarn, avec signal\u00e9tique et panneau d&#039;informations. Un espace convivial pour un accueil personnalis\u00e9 et des conseils pour vos vacances en camping. Bienvenue au bureau d&#039;accueil du Flower Camping Saint Martin, proche de Castres, o\u00f9 notre \u00e9quipe est pr\u00eate \u00e0 vous conseiller pour des vacances inoubliables.\" loading=\"lazy\" title=\"\"><\/picture><\/figure><\/div><\/div><div class=\"columns__item\" style=\"align-self:center;\"><h2>The reception<\/h2><p    >Upon your arrival at the Saint Martin campsite in Sor\u00e8ze, Sandrine or S\u00e9bastien will welcome you every day from <strong><strong>8:00 a.m<\/strong>. to 12:00 p.m.<\/strong> and from<strong> 4:00 p.m. to 7:00 p.m.<\/strong> during high season.<\/p><p    >You will find all the useful documentation for your visits to the region, cultural and sporting activities, and events. <strong>For the comfort and peace of all, traffic in the campsite is not permitted between 11 p.m. and 7:30 a.m.<\/strong><\/p><h2 style=\"font-family: Montserrat;\">WIFI<\/h2><p    >At Camping Saint-Martin in Sor\u00e8ze, Tarn, you can enjoy free Wi-Fi access throughout the campsite. Access points installed across the grounds allow you to easily connect from your pitch, your accommodation, the common areas, and even around the <em><mark style=\"background-color:rgba(0, 0, 0, 0)\" class=\"has-inline-color has-gris-color\"><a href=\"https:\/\/www.campingsaintmartin.com\/en\/camping-piscine-chauffee-tarn\/\">campsite&#8217;s swimming pool<\/a><\/mark><\/em>. <\/p><p    >This internet connection is also convenient for those who wish to work remotely during their stay, while enjoying a natural setting at the foot of the Montagne Noire. Located about an hour from <em><mark style=\"background-color:rgba(0, 0, 0, 0)\" class=\"has-inline-color has-gris-color\"><a href=\"https:\/\/www.campingsaintmartin.com\/en\/visite-tarn\/tourism-toulouse\/\">Toulouse<\/a><\/mark><\/em>, the campsite allows you to combine remote work with a high quality of life, with the possibility of organizing your days between video calls, <em><mark style=\"background-color:rgba(0, 0, 0, 0)\" class=\"has-inline-color has-gris-color\"><a href=\"https:\/\/www.campingsaintmartin.com\/randonnee-montagne-noire-tarn\/\">walks<\/a><\/mark><\/em>, and exploring the region. <\/p><p    >Whether it&#8217;s to stay in touch with loved ones, plan your visits around Revel, Lake Saint-Ferr\u00e9ol or share your holiday memories, the campsite&#8217;s Wifi connection accompanies you throughout your stay.<\/p><h2>Bon \u00e0 savoir<\/h2><p    >A smartphone charging station is available at the bar of <em><a href=\"https:\/\/www.campingsaintmartin.com\/en\/\">the Saint Martin campsite in the Tarn<\/a><\/em>.<\/p><p    >We offer icing of your water bottles (0.50\u20ac\/bottle)<\/p><\/div><\/div><div class=\"columns sec-15 align-full\"><div class=\"columns__item parallax-down\"><div class=\"group\"><h2><span class=\"fc-span\">The bar<\/span> and snack bar<\/h2><p    >The campsite bar will be open during high season from 8:00 a.m. to 10:00 a.m. and from 4:00 p.m. to 10:30 p.m. every day.<\/p><p    >The snack bar will be open during high season every day except Thursday from 4:00 p.m. to 10:30 p.m. (last orders at 9:00 p.m.).<\/p><p    >We offer a variety of <strong>hot and cold drinks<\/strong>, <strong>ice cream <\/strong>and <strong>fast food<\/strong>, to eat in or take away. To find out more about our services, visit our <a href=\"https:\/\/www.facebook.com\/saintmartincamping\/\" target=\"_blank\" rel=\"noreferrer noopener\">Facebook<\/a> page. <\/p><p    >We offer two <strong>breakfast <\/strong>options, which must be booked the day before for the following day. <\/p><\/div><div class=\"gallery hide-mob\"><figure class=\"gallery__item\"><picture><source srcset=\"https:\/\/www.campingsaintmartin.com\/wp-content\/uploads\/2024\/10\/snack-bar-convivial-flower-camping-saint-martin-ambiance-chaleureuse-420x420.webp\" media=\"(max-width: 210px)\"><source srcset=\"https:\/\/www.campingsaintmartin.com\/wp-content\/uploads\/2024\/10\/snack-bar-convivial-flower-camping-saint-martin-ambiance-chaleureuse-850x638.webp\" media=\"(max-width: 420px)\"><source srcset=\"https:\/\/www.campingsaintmartin.com\/wp-content\/uploads\/2024\/10\/snack-bar-convivial-flower-camping-saint-martin-ambiance-chaleureuse-768x576.webp\" media=\"(max-width: 850px)\"><source srcset=\"https:\/\/www.campingsaintmartin.com\/wp-content\/uploads\/2024\/10\/snack-bar-convivial-flower-camping-saint-martin-ambiance-chaleureuse-1024x768.webp\" media=\"(max-width: 1024px)\"><source srcset=\"https:\/\/www.campingsaintmartin.com\/wp-content\/uploads\/2024\/10\/snack-bar-convivial-flower-camping-saint-martin-ambiance-chaleureuse-scaled.webp\" media=\"(min-width: 1025px)\"><img decoding=\"async\" src=\"https:\/\/www.campingsaintmartin.com\/wp-content\/uploads\/2024\/10\/snack-bar-convivial-flower-camping-saint-martin-ambiance-chaleureuse-420x420.webp\" width=\"420\" height=\"210\" alt=\"Snack\/bar convivial au Flower Camping Saint Martin avec un employ\u00e9 souriant servant un client au comptoir en bois. Ambiance chaleureuse et produits locaux pour des moments de d\u00e9tente en camping. D\u00e9tendez-vous au snack\/bar de notre Flower Camping Saint Martin, o\u00f9 l&#039;accueil chaleureux et les produits locaux vous garantissent des moments inoubliables.\" loading=\"lazy\" title=\"\"><\/picture><\/figure><\/div><\/div><div class=\"columns__item parallax-up\"><div class=\"gallery\"><figure class=\"gallery__item\"><picture><source srcset=\"https:\/\/www.campingsaintmartin.com\/wp-content\/uploads\/2025\/12\/Depot-de-pain-420x420.jpeg.webp\" media=\"(max-width: 210px)\"><source srcset=\"https:\/\/www.campingsaintmartin.com\/wp-content\/uploads\/2025\/12\/Depot-de-pain-850x511.jpeg.webp\" media=\"(max-width: 420px)\"><source srcset=\"https:\/\/www.campingsaintmartin.com\/wp-content\/uploads\/2025\/12\/Depot-de-pain-768x462.jpeg.webp\" media=\"(max-width: 850px)\"><source srcset=\"https:\/\/www.campingsaintmartin.com\/wp-content\/uploads\/2025\/12\/Depot-de-pain-1024x616.jpeg.webp\" media=\"(max-width: 1024px)\"><source srcset=\"https:\/\/www.campingsaintmartin.com\/wp-content\/uploads\/2025\/12\/Depot-de-pain.jpeg.webp\" media=\"(min-width: 1025px)\"><img decoding=\"async\" src=\"https:\/\/www.campingsaintmartin.com\/wp-content\/uploads\/2025\/12\/Depot-de-pain-420x420.jpeg.webp\" width=\"420\" height=\"210\" alt=\"Baguettes de pain \u00e0 dispositions des clients\" loading=\"lazy\" title=\"\"><\/picture><\/figure><\/div><div class=\"group\"><h2><span class=\"fc-span\">The grocery store<\/span> and the bread depot<\/h2><p    >We offer a selection of <strong>basic necessities<\/strong> <strong>at<\/strong> the campsite <strong>grocery store<\/strong> . You will also find <strong>local products<\/strong> and <strong>artisanal creations<\/strong> . <\/p><p    >You can order your <strong>bread<\/strong> and <strong>pastries<\/strong> directly at the bar for the following morning, from 8:00 am.<\/p><\/div><\/div><\/div><div class=\"columns sec-20 fade-up has-vert-background-color has-background align-full\" style=\"background-color:var(--vert);\"><div class=\"columns__item\" style=\"align-self:center;\"><h2>The bike reception<\/h2><p    >Located along the <strong>greenway<\/strong> linking <strong>Sor\u00e8ze to Revel<\/strong> , we are labeled <strong>&#8220;Accueil V\u00e9lo&#8221;<\/strong> . <strong>Cycle tourists<\/strong> can make a relaxing stopover at our <strong>campsite in Sor\u00e8ze<\/strong> , very close to <strong>Saint-Ferr\u00e9ol<\/strong> .   <\/p><p    ><strong>Bikes<\/strong> can be <strong>stored<\/strong> safely in a <strong>locked shelter<\/strong> .<\/p><p    >On site, you&#8217;ll find a tire inflation station, a bike wash area, and everything you need for routine bike repairs. For more specialized repairs, a partner garage is located 300 meters from the campsite. <\/p><\/div><div class=\"columns__item\"><div class=\"gallery height-adapt\"><figure class=\"gallery__item height-adapt\"><picture><source srcset=\"https:\/\/www.campingsaintmartin.com\/wp-content\/uploads\/2024\/10\/balade-velo-famille-tarn-proche-camping-soreze-420x420.webp\" media=\"(max-width: 210px)\"><source srcset=\"https:\/\/www.campingsaintmartin.com\/wp-content\/uploads\/2024\/10\/balade-velo-famille-tarn-proche-camping-soreze-850x567.webp\" media=\"(max-width: 420px)\"><source srcset=\"https:\/\/www.campingsaintmartin.com\/wp-content\/uploads\/2024\/10\/balade-velo-famille-tarn-proche-camping-soreze-768x512.webp\" media=\"(max-width: 850px)\"><source srcset=\"https:\/\/www.campingsaintmartin.com\/wp-content\/uploads\/2024\/10\/balade-velo-famille-tarn-proche-camping-soreze-1024x683.webp\" media=\"(max-width: 1024px)\"><source srcset=\"https:\/\/www.campingsaintmartin.com\/wp-content\/uploads\/2024\/10\/balade-velo-famille-tarn-proche-camping-soreze-scaled.webp\" media=\"(min-width: 1025px)\"><img decoding=\"async\" src=\"https:\/\/www.campingsaintmartin.com\/wp-content\/uploads\/2024\/10\/balade-velo-famille-tarn-proche-camping-soreze-420x420.webp\" width=\"420\" height=\"210\" alt=\"Famille avec enfants et remorque \u00e0 v\u00e9lo en balade pr\u00e8s du Flower Camping Saint Martin \u00e0 Sor\u00e8ze dans le Tarn.\" loading=\"lazy\" title=\"\"><\/picture><\/figure><\/div><\/div><\/div><div class=\"cover align-full\"><span style=\"filter: opacity(70%); background-color:var(--gris);\"><\/span><picture class=\"cover__img\"><source srcset=\"https:\/\/www.campingsaintmartin.com\/wp-content\/uploads\/2024\/10\/village-soreze-tarn-420x420.jpg.webp\" media=\"(max-width: 210px)\"><source srcset=\"https:\/\/www.campingsaintmartin.com\/wp-content\/uploads\/2024\/10\/village-soreze-tarn-850x478.jpg.webp\" media=\"(max-width: 420px)\"><source srcset=\"https:\/\/www.campingsaintmartin.com\/wp-content\/uploads\/2024\/10\/village-soreze-tarn-768x432.jpg.webp\" media=\"(max-width: 850px)\"><source srcset=\"https:\/\/www.campingsaintmartin.com\/wp-content\/uploads\/2024\/10\/village-soreze-tarn-1024x576.jpg.webp\" media=\"(max-width: 1024px)\"><source srcset=\"https:\/\/www.campingsaintmartin.com\/wp-content\/uploads\/2024\/10\/village-soreze-tarn.jpg.webp\" media=\"(min-width: 1536px)\"><img decoding=\"async\" src=\"https:\/\/www.campingsaintmartin.com\/wp-content\/uploads\/2024\/10\/village-soreze-tarn-420x420.jpg.webp\" width=\"420\" height=\"210\" alt=\"Le village de Sor\u00e8ze class\u00e9 \" loading=\"lazy\" grand site dans le Tarn au pied de la montagne noire vue du title=\"\"><\/picture><div class=\"cover__inner\"><div class=\"columns\"><div class=\"columns__item fade-left\"><h2 class=\"h3\">Equipment rentals and loans<\/h2><p    >In our <strong>campsite<\/strong> , you can <strong>rent<\/strong> :  <\/p><ul><li>Air conditioning\n<\/li><li>Fridge\n<\/li><li>Sheets\n<\/li><li>Baby bed\n<\/li><li>Booster seat\n<\/li><li>Plancha\n<\/li><\/ul><div class=\"lireplus fc-desk\"><p    >Read more<\/p><div class=\"group\"><p    >We can <strong>lend<\/strong> you, <strong>free of charge<\/strong> , <strong>on request<\/strong> :<\/p><ul><li>hair dryer\n<\/li><li>Iron\n<\/li><li>Adapter for European plug\n<\/li><\/ul><p    >A barbecue area is available for you to cook your food safely.<\/p><\/div><\/div><\/div><div class=\"columns__item fade-right\"><h2 class=\"h3\">The toilets and the laundry<\/h2><p    >We provide <strong>three sanitary blocks<\/strong> with showers, toilets, sinks and dishwashing sinks. One of our toilet blocks is suitable for people with reduced mobility.  <strong>The toilet sockets are exclusively reserved for hair dryers and razors.<\/strong><\/p><p    >There is a <strong>laundry<\/strong> on our campsite:<\/p><ul><li>10 kg washing machine with free access: \u20ac6\n<\/li><li>Tumble dryer with key at reception: \u20ac3\n<\/li><\/ul><\/div><\/div><\/div><\/div><p    ><\/p><h2 style=\"text-align: center;\">Some useful tips!<\/h2><p  style=\"text-align: center;\"  >Below are some practical tips to help you prepare for your camping trip!<\/p><div class=\"columns\"><div class=\"columns__item\"><h3>How to get to the campsite<\/h3><p    ><strong>By car:<\/strong><\/p><ul><li>From Montpellier: A9-A61 then exit 21 Castres, Revel\n<\/li><li>From Toulouse: A61 towards Montpellier then exit 17 towards Castres, Lasbordes\n<\/li><li>From Bordeaux-Montauban: A62, A68, A680 then direction Puylaurens, Castres\n<\/li><\/ul><div class=\"lireplus fc-desk\"><p    >Read more<\/p><div class=\"group\"><p    ><strong>By bus:<\/strong> Several lines serve Sor\u00e8ze daily from the main surrounding towns.<\/p><p    ><strong>By train:<\/strong> Castelnaudary train station is located 30 minutes by car, Bus (LIO) possible arriving 300m from the campsite.<\/p><p    ><strong>By plane:<\/strong><\/p><ul><li>Toulouse-Blagnac Airport Located 1 hour by car from the campsite. Bus line possible arriving 300m from the campsite\n<\/li><li>Castres-Mazamet Airport Located 30 minutes by car from the campsite. Bus line possible arriving 300m from the campsite\n<\/li><\/ul><\/div><\/div><\/div><div class=\"columns__item\"><h3>Access to various shops, doctors and pharmacies<\/h3><p    >Located just a 5-minute walk from the village center, you will have access to various shops:  <\/p><div class=\"lireplus fc-mob\"><p    >Read more<\/p><div class=\"group\"><ul><li>Bakery\n<\/li><li>Hairdresser\n<\/li><li>U express\n<\/li><li>Pharmacy &#8211; doctor (3 min walk)\n<\/li><li>tobacco\n<\/li><li>restaurants &#8211; bar\n<\/li><li>General food grocery store\n<\/li><\/ul><p    >You will be 6 km from Revel where you will find all shops.  <\/p><\/div><\/div><\/div><div class=\"columns__item\"><h3>Opening hours and various information<\/h3><p    >Reception opening hours (high season): 8:00 a.m. to 12:00 p.m. and 4:00 p.m. to 7:00 p.m.<\/p><div class=\"lireplus fc-mob\"><p    >Read more<\/p><div class=\"group\"><p    >Bar opening hours (high season): 8:00 a.m. to 10:00 a.m. and 4:00 p.m. to 10:30 p.m.<\/p><p    >Snack opening hours (high season): 4:00 p.m. to 10:30 p.m. (last orders at 9:00 p.m.).<\/p><p    ><a href=\"https:\/\/www.campingsaintmartin.com\/en\/camping-piscine-chauffee-tarn\/\">Heated pool<\/a> open from 10:00 to 20:00 &#8211; Swimming is unsupervised and must be accompanied by an adult. <strong>Swim shorts are not permitted<\/strong>.<\/p><p    >Traffic in the campsite is permitted from 7:30 a.m. to 11:00 p.m.<\/p><\/div><\/div><\/div><\/div>","protected":false},"excerpt":{"rendered":"<p>Camping services in the Tarn At Flower camping Saint Martin in Sor\u00e8ze, we offer 3-star services that will contribute to the smooth running of your stay. Sandrine and S\u00e9bastien and the entire campsite team will be happy to listen to you and offer you a stay that matches your desires and needs. The reception Upon [&hellip;]<\/p>\n","protected":false},"author":1,"featured_media":0,"parent":0,"menu_order":0,"comment_status":"open","ping_status":"open","template":"","meta":{"_acf_changed":false,"footnotes":""},"acf":[],"_links":{"self":[{"href":"https:\/\/www.campingsaintmartin.com\/en\/wp-json\/wp\/v2\/pages\/731"}],"collection":[{"href":"https:\/\/www.campingsaintmartin.com\/en\/wp-json\/wp\/v2\/pages"}],"about":[{"href":"https:\/\/www.campingsaintmartin.com\/en\/wp-json\/wp\/v2\/types\/page"}],"author":[{"embeddable":true,"href":"https:\/\/www.campingsaintmartin.com\/en\/wp-json\/wp\/v2\/users\/1"}],"replies":[{"embeddable":true,"href":"https:\/\/www.campingsaintmartin.com\/en\/wp-json\/wp\/v2\/comments?post=731"}],"version-history":[{"count":8,"href":"https:\/\/www.campingsaintmartin.com\/en\/wp-json\/wp\/v2\/pages\/731\/revisions"}],"predecessor-version":[{"id":2039,"href":"https:\/\/www.campingsaintmartin.com\/en\/wp-json\/wp\/v2\/pages\/731\/revisions\/2039"}],"wp:attachment":[{"href":"https:\/\/www.campingsaintmartin.com\/en\/wp-json\/wp\/v2\/media?parent=731"}],"curies":[{"name":"wp","href":"https:\/\/api.w.org\/{rel}","templated":true}]}}