{"id":733,"date":"2024-10-14T15:26:23","date_gmt":"2024-10-14T13:26:23","guid":{"rendered":"https:\/\/www.campingsaintmartin.com\/surroundings\/"},"modified":"2026-03-05T11:48:22","modified_gmt":"2026-03-05T10:48:22","slug":"activities-tarn","status":"publish","type":"page","link":"https:\/\/www.campingsaintmartin.com\/en\/activities-tarn\/","title":{"rendered":"To do"},"content":{"rendered":"<div class=\"diaporama-header align-full\"><div class=\"gallery\"><figure class=\"gallery__item\"><picture><source srcset=\"https:\/\/www.campingsaintmartin.com\/wp-content\/uploads\/2024\/10\/randonnee-groupe-copains-montagne-noire-420x420.webp\" media=\"(max-width: 210px)\"><source srcset=\"https:\/\/www.campingsaintmartin.com\/wp-content\/uploads\/2024\/10\/randonnee-groupe-copains-montagne-noire-850x478.webp\" media=\"(max-width: 420px)\"><source srcset=\"https:\/\/www.campingsaintmartin.com\/wp-content\/uploads\/2024\/10\/randonnee-groupe-copains-montagne-noire-768x432.webp\" media=\"(max-width: 850px)\"><source srcset=\"https:\/\/www.campingsaintmartin.com\/wp-content\/uploads\/2024\/10\/randonnee-groupe-copains-montagne-noire-1024x576.webp\" media=\"(max-width: 1024px)\"><source srcset=\"https:\/\/www.campingsaintmartin.com\/wp-content\/uploads\/2024\/10\/randonnee-groupe-copains-montagne-noire.webp\" media=\"(min-width: 1025px)\"><img loading=\"lazy\" decoding=\"async\" src=\"https:\/\/www.campingsaintmartin.com\/wp-content\/uploads\/2024\/10\/randonnee-groupe-copains-montagne-noire-420x420.webp\" width=\"420\" height=\"210\" alt=\"Randonn\u00e9e en groupe dans la Montagne Noire, pr\u00e8s du Flower Camping Saint Martin \u00e0 Sor\u00e8ze, avec vue panoramique sur les collines verdoyantes. Id\u00e9al pour des activit\u00e9s en plein air et des vacances sportives en famille ou entre amis. Randonnez dans la Montagne Noire, pr\u00e8s du camping Saint Martin, des paysages \u00e0 couper le souffle et des moments inoubliables vous y attendent en pleine nature.\" title=\"\"><\/picture><\/figure><\/div><div class=\"diaporama-header__inner\"><\/div><\/div><div class=\"columns sec-05\"><div class=\"columns__item fade-left\"><h1 class=\"h2\" style=\"text-align: center;color: var(--vert);\">Sports activities in the Tarn, for everyone<\/h1><p    >Ideally located between <strong>Montagne Noire<\/strong>, <strong>Sor\u00e8ze<\/strong>, and <strong>Revel<\/strong>, <strong>Camping Saint-Martin<\/strong> offers privileged access to a multitude of sporting activities for the whole family. Whether you are an adrenaline junkie, an outdoor enthusiast, or simply want to get moving, our region is a veritable life-size playground. <\/p><p    >Just a few minutes from the campsite, enjoy superb trails for <strong>cycling<\/strong>, <strong>mountain biking<\/strong>, or <strong>electric bikes<\/strong>, a variety of <strong>hiking<\/strong> and <strong>trail running paths<\/strong>, and water sports around <strong>Lake Saint-Ferr\u00e9ol<\/strong>, including <strong>canoeing<\/strong>, <strong>paddleboarding<\/strong>, <strong>sailing<\/strong>, and swimming. The more adventurous can try their hand at <strong>via ferrata<\/strong>, while nature lovers will appreciate the peaceful <strong>fishing<\/strong> areas. <\/p><p    >To help you organize your sporting activities, Sandrine and S\u00e9bastien are available at reception to offer personalized advice, recommendations, suggested routes, and more. We can guide you to the best activities to discover around the campground.<\/p><\/div><\/div><div class=\"columns sec-20 fade-up reverse-mob has-vert-background-color has-background align-full\" style=\"background-color:var(--vert);\"><div class=\"columns__item\"><div class=\"gallery height-adapt\"><figure class=\"gallery__item height-adapt\"><picture><source srcset=\"https:\/\/www.campingsaintmartin.com\/wp-content\/uploads\/2024\/10\/randonnee-oppidum-berniquaut-montagne-noire-tarn-420x420.webp\" media=\"(max-width: 210px)\"><source srcset=\"https:\/\/www.campingsaintmartin.com\/wp-content\/uploads\/2024\/10\/randonnee-oppidum-berniquaut-montagne-noire-tarn.webp\" media=\"(max-width: 420px)\"><source srcset=\"https:\/\/www.campingsaintmartin.com\/wp-content\/uploads\/2024\/10\/randonnee-oppidum-berniquaut-montagne-noire-tarn-768x768.webp\" media=\"(max-width: 850px)\"><source srcset=\"https:\/\/www.campingsaintmartin.com\/wp-content\/uploads\/2024\/10\/randonnee-oppidum-berniquaut-montagne-noire-tarn.webp\" media=\"(max-width: 1024px)\"><source srcset=\"https:\/\/www.campingsaintmartin.com\/wp-content\/uploads\/2024\/10\/randonnee-oppidum-berniquaut-montagne-noire-tarn.webp\" media=\"(min-width: 1025px)\"><img decoding=\"async\" src=\"https:\/\/www.campingsaintmartin.com\/wp-content\/uploads\/2024\/10\/randonnee-oppidum-berniquaut-montagne-noire-tarn-420x420.webp\" width=\"420\" height=\"210\" alt=\"Trois randonneurs admirant le panorama en Montagne Noire depuis l&#039;oppidum de Berniquaut, surplombant Sor\u00e8ze dans le Tarn. Profitez de randonn\u00e9es inoubliables en Montagne Noire, comme \" loading=\"lazy\" la  de avec des vues panoramiques couper le title=\"\"><\/picture><\/figure><\/div><\/div><div class=\"columns__item\" style=\"align-self:center;\"><h2>Walking tours<\/h2><p    >Starting right from <a href=\"https:\/\/www.campingsaintmartin.com\/en\/\">Camping Saint-Martin in Sor\u00e8ze<\/a>, several <strong>hiking trails in the Tarn<\/strong> invite you to discover varied and unspoilt landscapes. Whether you want a <strong>family walk<\/strong> or a <strong>challenging hike in the Montagne Noire<\/strong>, you will find routes suitable for all levels, accessible directly from <a href=\"https:\/\/www.campingsaintmartin.com\/en\/emplacements-camping-soreze-tarn-proche-saint-ferreol\/\">our campsite pitches<\/a>. After your exertions, there&#8217;s nothing like a moment of relaxation in our <a href=\"https:\/\/www.campingsaintmartin.com\/en\/camping-swimming-pool-saint-ferreol\/\">heated swimming pool<\/a> to recover from your walk.  <\/p><p    >Among the must-see attractions, let yourself be seduced by the magnificent <strong>Rigole de la Plaine<\/strong> hike, a peaceful, shaded trail that follows the sources of the <strong>Canal du Midi<\/strong>, a UNESCO World Heritage Site. An ideal route for walkers who want to combine nature and heritage. <\/p><p  style=\"text-align: left;\"  >For lovers of wide open spaces, <strong>hikes in the heart of the Montagne Noire<\/strong> offer exceptional panoramic views, between deep forests, rocky ridges, waterfalls and traditional villages. A perfect playground for experienced hikers and those who enjoy beautiful walks around <strong>Sor\u00e8ze, Revel and Saint-Ferr\u00e9ol.<\/strong> <\/p><div class=\"buttons display-flex \" style=\"justify-content:center;\"><a href=\"https:\/\/www.campingsaintmartin.com\/randonnee-montagne-noire-tarn\/\" rel=\"noreferrer noopener\" rel=\"noreferrer noopener\" class=\"buttons__btn\">\ud83d\udc49<strong>Find a hike around the campsite<\/strong><\/a><\/div><\/div><\/div><div class=\"columns sec-05\"><div class=\"columns__item fade-left\"><h2>The bike<\/h2><div class=\"group\"><p    >Whether you are a <strong>road cycling<\/strong> enthusiast, a <strong>mountain biking<\/strong> fan in the Montagne Noire, or prefer more leisurely rides, Camping Saint-Martin in Sor\u00e8ze is an ideal starting point for exploring the region on two wheels. Whether you are a beginner or an experienced cyclist, we can guide you to the best cycling routes in the Tarn, tailored to your level and preferences. <\/p><p    >You will also have the opportunity to participate in <strong>road cycling<\/strong> (Tuesday or Saturday) or <strong>mountain biking<\/strong> (Sunday morning) outings organized by the <strong>Sor\u00e8ze cycling club<\/strong>, the perfect opportunity to ride in a group while enjoying the most beautiful landscapes, without having to worry about the route. Holidaymakers may join in if they wish, but these outings are independent of the campsite and are not supervised. Back at the campsite, you can relax in our <em><mark style=\"background-color:rgba(0, 0, 0, 0)\" class=\"has-inline-color has-gris-color\"><a href=\"https:\/\/www.campingsaintmartin.com\/en\/camping-swimming-pool-saint-ferreol\/\">swimming pool in the Tarn<\/a><\/mark><\/em> or refresh yourself at a table in our <em><mark style=\"background-color:rgba(0, 0, 0, 0)\" class=\"has-inline-color has-gris-color\"><a href=\"https:\/\/www.campingsaintmartin.com\/en\/camping-home-bicycles-snack-bar-laundry-terminals-electric-cars-saint-ferreol\/\">snack bar<\/a><\/mark><\/em>.<\/p><div class=\"lireplus fc-mob\"><p    >Read more<\/p><div class=\"group\"><p    >Thanks to our partner <strong>Station Bee&#8217;s<\/strong>, located just 200 metres from your <a href=\"https:\/\/www.campingsaintmartin.com\/en\/camping-insolite-mobil-homes-roulottes-saint-ferreol\/\"><em><mark style=\"background-color:rgba(0, 0, 0, 0)\" class=\"has-inline-color has-gris-color\">rental accommodation<\/mark><\/em><\/a>, you can <strong>hire hybrid bikes, mountain bikes and electric bikes with the latest<\/strong>, reliable and perfectly maintained equipment. Equipment for younger children (trailers, baby seats, etc.) is also available, so that the whole family can go on an outing.<\/p><p    >For a fun and independent discovery, <strong>audio-guided tours<\/strong> are available, ideal for exploring Sor\u00e8ze, Revel, Lake Saint-Ferr\u00e9ol and the trails of the Montagne Noire in complete freedom from your <em><mark style=\"background-color:rgba(0, 0, 0, 0)\" class=\"has-inline-color has-gris-color\"><a href=\"https:\/\/www.campingsaintmartin.com\/en\/emplacements-camping-soreze-tarn-proche-saint-ferreol\/\">motorhome pitch<\/a><\/mark><\/em>.<br\/>As guests of Camping Saint-Martin, you benefit from a <strong>preferential rate<\/strong> on bicycle hire.<\/p><\/div><\/div><\/div><\/div><div class=\"columns__item fade-right\" style=\"align-self:center;\"><figure><picture><source srcset=\"https:\/\/www.campingsaintmartin.com\/wp-content\/uploads\/2024\/10\/sortie-vtt-en-montagne-noire-depart-camping-saint-martin-420x420.webp\" media=\"(max-width: 210px)\"><source srcset=\"https:\/\/www.campingsaintmartin.com\/wp-content\/uploads\/2024\/10\/sortie-vtt-en-montagne-noire-depart-camping-saint-martin-850x383.webp\" media=\"(max-width: 420px)\"><source srcset=\"https:\/\/www.campingsaintmartin.com\/wp-content\/uploads\/2024\/10\/sortie-vtt-en-montagne-noire-depart-camping-saint-martin-768x346.webp\" media=\"(max-width: 850px)\"><source srcset=\"https:\/\/www.campingsaintmartin.com\/wp-content\/uploads\/2024\/10\/sortie-vtt-en-montagne-noire-depart-camping-saint-martin-1024x461.webp\" media=\"(max-width: 1024px)\"><source srcset=\"https:\/\/www.campingsaintmartin.com\/wp-content\/uploads\/2024\/10\/sortie-vtt-en-montagne-noire-depart-camping-saint-martin.webp\" media=\"(min-width: 1025px)\"><img decoding=\"async\" src=\"https:\/\/www.campingsaintmartin.com\/wp-content\/uploads\/2024\/10\/sortie-vtt-en-montagne-noire-depart-camping-saint-martin-420x420.webp\" width=\"420\" height=\"210\" alt=\"Groupe de cyclistes en tenue de VTT posant en Montagne Noire au d\u00e9part d&#039;une sortie depuis le Flower Camping Saint Martin, avec paysages naturels en arri\u00e8re-plan. Explorez la Montagne Noire en VTT au d\u00e9part du camping Saint-Martin, pour des aventures sportives en pleine nature.\" loading=\"lazy\" title=\"\"><\/picture><\/figure><figure><picture><source srcset=\"https:\/\/www.campingsaintmartin.com\/wp-content\/uploads\/2024\/10\/sortie-cyclosportive-club-soreze-tarn-420x420.webp\" media=\"(max-width: 210px)\"><source srcset=\"https:\/\/www.campingsaintmartin.com\/wp-content\/uploads\/2024\/10\/sortie-cyclosportive-club-soreze-tarn-850x383.webp\" media=\"(max-width: 420px)\"><source srcset=\"https:\/\/www.campingsaintmartin.com\/wp-content\/uploads\/2024\/10\/sortie-cyclosportive-club-soreze-tarn-768x346.webp\" media=\"(max-width: 850px)\"><source srcset=\"https:\/\/www.campingsaintmartin.com\/wp-content\/uploads\/2024\/10\/sortie-cyclosportive-club-soreze-tarn-1024x461.webp\" media=\"(max-width: 1024px)\"><source srcset=\"https:\/\/www.campingsaintmartin.com\/wp-content\/uploads\/2024\/10\/sortie-cyclosportive-club-soreze-tarn.webp\" media=\"(min-width: 1025px)\"><img decoding=\"async\" src=\"https:\/\/www.campingsaintmartin.com\/wp-content\/uploads\/2024\/10\/sortie-cyclosportive-club-soreze-tarn-420x420.webp\" width=\"420\" height=\"210\" alt=\"Groupe de cyclistes en tenue posant avant une sortie cyclosportive \u00e0 Sor\u00e8ze dans le Tarn, avec paysages verdoyants en arri\u00e8re-plan. Rejoignez notre club pour des sorties cyclosportives \u00e0 Sor\u00e8ze dans le Tarn, et explorez les paysages magnifiques de la r\u00e9gion.\" loading=\"lazy\" title=\"\"><\/picture><\/figure><div class=\"buttons display-flex \" style=\"justify-content:center;\"><a href=\"https:\/\/www.campingsaintmartin.com\/velo-vtt-montagne-noire\/\" rel=\"noreferrer noopener\" rel=\"noreferrer noopener\" class=\"buttons__btn\">\ud83d\udc49 <strong>Find cycling\/mountain biking routes around the campsite<\/strong><\/a><\/div><\/div><\/div><div class=\"columns sec-20 fade-up reverse-mob has-vert-background-color has-background align-full\" style=\"background-color:var(--vert);\"><div class=\"columns__item\"><div class=\"gallery height-adapt\"><figure class=\"gallery__item height-adapt\"><picture><source srcset=\"https:\/\/www.campingsaintmartin.com\/wp-content\/uploads\/2024\/10\/activite-nautique-lac-saint-ferreol-420x420.webp\" media=\"(max-width: 210px)\"><source srcset=\"https:\/\/www.campingsaintmartin.com\/wp-content\/uploads\/2024\/10\/activite-nautique-lac-saint-ferreol-850x567.webp\" media=\"(max-width: 420px)\"><source srcset=\"https:\/\/www.campingsaintmartin.com\/wp-content\/uploads\/2024\/10\/activite-nautique-lac-saint-ferreol-768x512.webp\" media=\"(max-width: 850px)\"><source srcset=\"https:\/\/www.campingsaintmartin.com\/wp-content\/uploads\/2024\/10\/activite-nautique-lac-saint-ferreol-1024x683.webp\" media=\"(max-width: 1024px)\"><source srcset=\"https:\/\/www.campingsaintmartin.com\/wp-content\/uploads\/2024\/10\/activite-nautique-lac-saint-ferreol.webp\" media=\"(min-width: 1025px)\"><img decoding=\"async\" src=\"https:\/\/www.campingsaintmartin.com\/wp-content\/uploads\/2024\/10\/activite-nautique-lac-saint-ferreol-420x420.webp\" width=\"420\" height=\"210\" alt=\"Voilier en pleine navigation sur le lac Saint-Ferr\u00e9ol, activit\u00e9 nautique id\u00e9ale pour les amateurs de sensations fortes et de nature pr\u00e8s du Flower Camping Saint Martin dans le Tarn. D\u00e9couvrez les activit\u00e9s nautiques sur le lac Saint-Ferr\u00e9ol, pour des moments d&#039;aventure et de d\u00e9tente en pleine nature pr\u00e8s du camping Saint-Martin dans le Tarn.\" loading=\"lazy\" title=\"\"><\/picture><\/figure><\/div><\/div><div class=\"columns__item\" style=\"align-self:center;\"><h2>Nautical activities<\/h2><p    >Around Camping Saint-Martin in Sor\u00e8ze, water sports enthusiasts will be delighted! The Tarn and Montagne Noire region is home to several renowned lakes where you can enjoy a wide range of <strong>water sports<\/strong>, ideal for families or groups of friends.<\/p><p    >Just a few kilometers away, <strong><em><a href=\"https:\/\/www.campingsaintmartin.com\/en\/visite-tarn\/saint-ferreol-lake\/\">Lake Saint-Ferr\u00e9ol<\/a><\/em><\/strong> is a must-see destination for <strong>swimming<\/strong>, <strong>canoeing, kayaking<\/strong>, <strong>paddleboarding<\/strong>, <strong>pedal boating<\/strong>, <strong>windsurfing<\/strong>, <strong>catamaran sailing<\/strong>, and even floating games like water ball. It&#8217;s the perfect place to relax in the sun and enjoy thrilling activities on the water. <\/p><p    ><strong><a href=\"https:\/\/www.tourisme-thoremontagnenoire.fr\/fr\/fiche\/equipement\/base-de-loisirs-du-lac-des-montagnes-mazamet_TFO844917\/\" target=\"_blank\" rel=\"noreferrer noopener\">Lac des Montagn\u00e8s<\/a><\/strong> is appealing for its swimming area, walking trails, and <strong>inflatable water park<\/strong>, which is very popular with children. You will also find activities such as <strong>tree climbing<\/strong>, to extend your adventure in the forest. <\/p><p    >Finally, <strong><a href=\"https:\/\/www.castelnaudary-tourisme.com\/nos-incontournables\/le-lac-de-la-ganguise\/\" target=\"_blank\" rel=\"noreferrer noopener\">Lake Ganguise<\/a><\/strong> is a paradise for water sports enthusiasts, offering <strong>windsurfing<\/strong>, <strong>funboarding<\/strong>, <strong>paddleboarding<\/strong> and <strong>canoeing<\/strong>, as well as walking and mountain biking around its shores.<\/p><p    >Whether you are seeking relaxation, sporting activities or aquatic adventures, the surrounding lakes offer countless opportunities to enrich your stay at<em><mark style=\"background-color:rgba(0, 0, 0, 0)\" class=\"has-inline-color has-gris-color\"><a href=\"https:\/\/www.campingsaintmartin.com\/en\/\"> Camping Saint-Martin near Revel<\/a><\/mark><\/em>.<\/p><\/div><\/div><div class=\"columns sec-05\"><div class=\"columns__item fade-left\"><h2>Caving<\/h2><div class=\"group\"><p    >Immerse yourself in the fascinating world of <strong>caving in the Montagne Noire<\/strong>! Just a few minutes from your <em><mark style=\"background-color:rgba(0, 0, 0, 0)\" class=\"has-inline-color has-gris-color\"><a href=\"https:\/\/www.campingsaintmartin.com\/en\/camping-insolite-mobil-homes-roulottes-saint-ferreol\/\">mobile home<\/a><\/mark><\/em> or <em><mark style=\"background-color:rgba(0, 0, 0, 0)\" class=\"has-inline-color has-gris-color\"><a href=\"https:\/\/www.campingsaintmartin.com\/en\/emplacements-camping-soreze-tarn-proche-saint-ferreol\/\">tent pitch<\/a><\/mark><\/em>, the caves in the Sor\u00e8ze area open their galleries to you for a timeless adventure.<\/p><p    >Exploration, geological discovery, and a sense of freedom. Whether you are a beginner, a family, or a thrill seeker, there are outings suitable for ages 5 and up, as well as more challenging routes. <\/p><p    >With <strong><a href=\"https:\/\/www.lodescavernes.com\/\" target=\"_blank\" rel=\"noreferrer noopener\">Lo des Cavernes<\/a><\/strong>, choose the experience that suits you best:<\/p><ul><li>A <strong>safe introduction<\/strong> for little explorers or curious minds who want to gently discover the underground world.\n<\/li><li><strong>More athletic adventures<\/strong> for regulars or thrill seekers\u2014passages through spectacular cavities, caves with underground rivers, and challenging courses for teens\/adults.\n<\/li><li>For the more adventurous, it is even possible to experience an <strong>unusual night underground<\/strong>: sleeping in a cave for a unique, immersive, and unforgettable experience.\n<\/li><\/ul><p    >This activity is a rare opportunity to discover the Montagne Noire from a different angle \u2014 a mineral, mysterious environment that is both calm and spectacular. For those who love nature off the beaten track, caving around <em><mark style=\"background-color:rgba(0, 0, 0, 0)\" class=\"has-inline-color has-gris-color\"><a href=\"https:\/\/www.campingsaintmartin.com\/en\/visite-tarn\/soreze\/\">Sor\u00e8ze<\/a><\/mark><\/em> is an adventure not to be missed&#8230; and a highlight of your stay at Camping Saint-Martin in Sor\u00e8ze. <\/p><\/div><\/div><div class=\"columns__item fade-right\" style=\"align-self:center;\"><figure><picture><source srcset=\"https:\/\/www.campingsaintmartin.com\/wp-content\/uploads\/2024\/10\/speleologie-activite-nature-camping-saint-martin-tarn-420x420.webp\" media=\"(max-width: 210px)\"><source srcset=\"https:\/\/www.campingsaintmartin.com\/wp-content\/uploads\/2024\/10\/speleologie-activite-nature-camping-saint-martin-tarn-638x850.webp\" media=\"(max-width: 420px)\"><source srcset=\"https:\/\/www.campingsaintmartin.com\/wp-content\/uploads\/2024\/10\/speleologie-activite-nature-camping-saint-martin-tarn-768x1024.webp\" media=\"(max-width: 850px)\"><source srcset=\"https:\/\/www.campingsaintmartin.com\/wp-content\/uploads\/2024\/10\/speleologie-activite-nature-camping-saint-martin-tarn-768x1024.webp\" media=\"(max-width: 1024px)\"><source srcset=\"https:\/\/www.campingsaintmartin.com\/wp-content\/uploads\/2024\/10\/speleologie-activite-nature-camping-saint-martin-tarn.webp\" media=\"(min-width: 1025px)\"><img decoding=\"async\" src=\"https:\/\/www.campingsaintmartin.com\/wp-content\/uploads\/2024\/10\/speleologie-activite-nature-camping-saint-martin-tarn-420x420.webp\" width=\"420\" height=\"210\" alt=\"Sp\u00e9l\u00e9ologue explorant une grotte souterraine lors d&#039;une activit\u00e9 de sp\u00e9l\u00e9ologie en pleine nature, organis\u00e9e par le Flower Camping Saint Martin dans le Tarn. D\u00e9couvrez l&#039;aventure souterraine avec nos activit\u00e9s de sp\u00e9l\u00e9ologie en pleine nature, organis\u00e9es et encadr\u00e9es par un prestataire ext\u00e9rieur dans le Tarn.\" loading=\"lazy\" title=\"\"><\/picture><\/figure><\/div><\/div><div class=\"columns sec-20 fade-up reverse-mob has-vert-background-color has-background align-full\" style=\"background-color:var(--vert);\"><div class=\"columns__item\"><div class=\"gallery height-adapt\"><figure class=\"gallery__item\"><picture><source srcset=\"https:\/\/www.campingsaintmartin.com\/wp-content\/uploads\/2025\/12\/via-ferrata-420x420.jpg.webp\" media=\"(max-width: 210px)\"><source srcset=\"https:\/\/www.campingsaintmartin.com\/wp-content\/uploads\/2025\/12\/via-ferrata.jpg.webp\" media=\"(max-width: 420px)\"><source srcset=\"https:\/\/www.campingsaintmartin.com\/wp-content\/uploads\/2025\/12\/via-ferrata.jpg.webp\" media=\"(max-width: 850px)\"><source srcset=\"https:\/\/www.campingsaintmartin.com\/wp-content\/uploads\/2025\/12\/via-ferrata.jpg.webp\" media=\"(max-width: 1024px)\"><source srcset=\"https:\/\/www.campingsaintmartin.com\/wp-content\/uploads\/2025\/12\/via-ferrata.jpg.webp\" media=\"(min-width: 1025px)\"><img decoding=\"async\" src=\"https:\/\/www.campingsaintmartin.com\/wp-content\/uploads\/2025\/12\/via-ferrata-420x420.jpg.webp\" width=\"420\" height=\"210\" loading=\"lazy\" alt=\"\" title=\"\"><\/picture><\/figure><\/div><\/div><div class=\"columns__item\" style=\"align-self:center;\"><h2>Adventure, thrills, and nature around Sor\u00e8ze<\/h2><p    >Want to get off the beaten track during your stay at Camping Saint-Martin? Thanks to our partner <strong><mark style=\"background-color:rgba(0, 0, 0, 0)\" class=\"has-inline-color has-orange-color\"><a href=\"https:\/\/www.audescapades.com\/\" target=\"_blank\" rel=\"noreferrer noopener\">Audescapades<\/a><\/mark><\/strong>, enjoy unforgettable experiences in the heart of nature: via <strong>ferrata, canyoning, and rock climbing<\/strong> are on the agenda for beginners and experienced athletes alike. These activities perfectly complement the <em><mark style=\"background-color:rgba(0, 0, 0, 0)\" class=\"has-inline-color has-gris-color\"><a href=\"https:\/\/www.campingsaintmartin.com\/en\/animation\/\">entertainment and activities offered at the campsite<\/a><\/mark><\/em>, allowing you to enjoy your holiday in the Tarn to the full.<\/p><p    >Set off to discover <strong>the via ferrata routes in the Tarn<\/strong> (including those in <em><mark style=\"background-color:rgba(0, 0, 0, 0)\" class=\"has-inline-color has-gris-color\"><a href=\"https:\/\/www.campingsaintmartin.com\/visite-tarn\/tourisme-durfort\/\">Durfort<\/a><\/mark><\/em> and <em><mark style=\"background-color:rgba(0, 0, 0, 0)\" class=\"has-inline-color has-gris-color\"><a href=\"https:\/\/www.campingsaintmartin.com\/en\/visite-tarn\/mazamet-footbridge\/\">Mazamet<\/a><\/mark><\/em>), equipped trails featuring suspension bridges, zip lines, and aerial passages that offer spectacular views and adrenaline rushes, all in complete safety with professional supervision.<\/p><p    >For water lovers, canyoning takes you into the region&#8217;s unspoiled gorges: water descents, natural slides, small jumps, swimming between rocks and waterfalls\u2014a refreshing and exotic adventure, accessible from ages 8\u201310 depending on the route. <\/p><p    >Whether you&#8217;re looking for thrills, immersion in nature, or a taste of adventure, these activities supervised by qualified professionals are a great way to round off your stay\u2014as a couple, with family, or with friends\u2014and enjoy the wild beauty of the Tarn to the full.<\/p><div class=\"buttons display-flex \" style=\"justify-content:center;\"><a href=\"&lt;!--[CDATA[https:\/\/www.audescapades.com\/]]--&gt;\" rel=\"noreferrer noopener\" rel=\"noreferrer noopener\" class=\"buttons__btn\">Audescapades.com<\/a><\/div><\/div><\/div><div class=\"columns\"><div class=\"columns__item fade-right\"><h2 class=\"h3\">Fishing<\/h2><p    >Around <strong>Camping Saint-Martin in Sor\u00e8ze<\/strong>, fishing enthusiasts will find numerous peaceful, unspoilt spots where they can enjoy their passion in complete tranquillity. With its lakes, streams and rivers, the region offers an exceptional natural setting for <strong>fishing in the Tarn<\/strong>, ideal for both beginners and experienced anglers. <\/p><p    >In the immediate vicinity, <strong>Lake Saint-Ferr\u00e9ol<\/strong> offers no-kill fishing in a peaceful, green setting. The <strong>wilder \u201cLampy\u201d<\/strong> basin is also very popular for its peaceful banks and abundance of fish. Several rivers and shaded areas around Sor\u00e8ze and Revel also offer beautiful spots to settle down at dawn or for an outing in the late afternoon.<\/p><p    >Don&#8217;t forget your fishing tackle.  <\/p><\/div><\/div>","protected":false},"excerpt":{"rendered":"<p>Sports activities in the Tarn, for everyone Ideally located between Montagne Noire, Sor\u00e8ze, and Revel, Camping Saint-Martin offers privileged access to a multitude of sporting activities for the whole family. Whether you are an adrenaline junkie, an outdoor enthusiast, or simply want to get moving, our region is a veritable life-size playground. Just a few [&hellip;]<\/p>\n","protected":false},"author":1,"featured_media":0,"parent":0,"menu_order":0,"comment_status":"closed","ping_status":"closed","template":"","meta":{"_acf_changed":false,"footnotes":""},"acf":[],"_links":{"self":[{"href":"https:\/\/www.campingsaintmartin.com\/en\/wp-json\/wp\/v2\/pages\/733"}],"collection":[{"href":"https:\/\/www.campingsaintmartin.com\/en\/wp-json\/wp\/v2\/pages"}],"about":[{"href":"https:\/\/www.campingsaintmartin.com\/en\/wp-json\/wp\/v2\/types\/page"}],"author":[{"embeddable":true,"href":"https:\/\/www.campingsaintmartin.com\/en\/wp-json\/wp\/v2\/users\/1"}],"replies":[{"embeddable":true,"href":"https:\/\/www.campingsaintmartin.com\/en\/wp-json\/wp\/v2\/comments?post=733"}],"version-history":[{"count":23,"href":"https:\/\/www.campingsaintmartin.com\/en\/wp-json\/wp\/v2\/pages\/733\/revisions"}],"predecessor-version":[{"id":2012,"href":"https:\/\/www.campingsaintmartin.com\/en\/wp-json\/wp\/v2\/pages\/733\/revisions\/2012"}],"wp:attachment":[{"href":"https:\/\/www.campingsaintmartin.com\/en\/wp-json\/wp\/v2\/media?parent=733"}],"curies":[{"name":"wp","href":"https:\/\/api.w.org\/{rel}","templated":true}]}}